{"id":94,"date":"2022-03-29T10:00:04","date_gmt":"2022-03-29T13:00:04","guid":{"rendered":"https:\/\/www2.cisi.coppe.ufrj.br\/?page_id=94"},"modified":"2025-01-17T11:08:28","modified_gmt":"2025-01-17T14:08:28","slug":"politica-de-qualidade","status":"publish","type":"page","link":"https:\/\/www.cisi.coppe.ufrj.br\/index.php\/qualidade\/politica-de-qualidade\/","title":{"rendered":"Pol\u00edtica de Qualidade"},"content":{"rendered":"<div class=\"col-md-12\">\n<div class=\"page-content\">\n<p style=\"text-align: justify;\"><span style=\"color: #000000;\">Prover servi\u00e7os homog\u00eaneos, de qualidade reconhecida pela alta administra\u00e7\u00e3o da COPPE \/ UFRJ, cumprindo metas, objetivos e acordos para a consecu\u00e7\u00e3o de resultados nos servi\u00e7os de TI de modo a conquistar e satisfazer seus clientes. A base da sua excel\u00eancia consiste em respeitar acordos com os clientes e garantir internamente a compet\u00eancia e o profissionalismo de seus colaboradores, bem como o compromisso da administra\u00e7\u00e3o, visando a melhoria cont\u00ednua do seu Sistema de Gest\u00e3o Integrado.<\/span><\/p>\n<\/div>\n<\/div>\n","protected":false},"excerpt":{"rendered":"<p>Prover servi\u00e7os homog\u00eaneos, de qualidade reconhecida pela alta administra\u00e7\u00e3o da COPPE \/ UFRJ, cumprindo metas, objetivos e acordos para a consecu\u00e7\u00e3o de resultados nos servi\u00e7os de TI de modo a conquistar e satisfazer seus clientes. A base da sua excel\u00eancia consiste em respeitar acordos com os clientes e garantir internamente a compet\u00eancia e o profissionalismo<\/p>\n<p class=\"more-link\"><a href=\"https:\/\/www.cisi.coppe.ufrj.br\/index.php\/qualidade\/politica-de-qualidade\/\" class=\"themebutton\">Read More<\/a><\/p>\n","protected":false},"author":2,"featured_media":0,"parent":23,"menu_order":0,"comment_status":"closed","ping_status":"closed","template":"","meta":{"footnotes":""},"class_list":["post-94","page","type-page","status-publish","hentry"],"_links":{"self":[{"href":"https:\/\/www.cisi.coppe.ufrj.br\/index.php\/wp-json\/wp\/v2\/pages\/94","targetHints":{"allow":["GET"]}}],"collection":[{"href":"https:\/\/www.cisi.coppe.ufrj.br\/index.php\/wp-json\/wp\/v2\/pages"}],"about":[{"href":"https:\/\/www.cisi.coppe.ufrj.br\/index.php\/wp-json\/wp\/v2\/types\/page"}],"author":[{"embeddable":true,"href":"https:\/\/www.cisi.coppe.ufrj.br\/index.php\/wp-json\/wp\/v2\/users\/2"}],"replies":[{"embeddable":true,"href":"https:\/\/www.cisi.coppe.ufrj.br\/index.php\/wp-json\/wp\/v2\/comments?post=94"}],"version-history":[{"count":3,"href":"https:\/\/www.cisi.coppe.ufrj.br\/index.php\/wp-json\/wp\/v2\/pages\/94\/revisions"}],"predecessor-version":[{"id":338,"href":"https:\/\/www.cisi.coppe.ufrj.br\/index.php\/wp-json\/wp\/v2\/pages\/94\/revisions\/338"}],"up":[{"embeddable":true,"href":"https:\/\/www.cisi.coppe.ufrj.br\/index.php\/wp-json\/wp\/v2\/pages\/23"}],"wp:attachment":[{"href":"https:\/\/www.cisi.coppe.ufrj.br\/index.php\/wp-json\/wp\/v2\/media?parent=94"}],"curies":[{"name":"wp","href":"https:\/\/api.w.org\/{rel}","templated":true}]}}