{"id":2,"date":"2022-03-14T14:00:27","date_gmt":"2022-03-14T17:00:27","guid":{"rendered":"https:\/\/www2.cisi.coppe.ufrj.br\/?page_id=2"},"modified":"2025-01-17T10:58:11","modified_gmt":"2025-01-17T13:58:11","slug":"pagina-exemplo","status":"publish","type":"page","link":"https:\/\/www.cisi.coppe.ufrj.br\/","title":{"rendered":"P\u00e1gina de exemplo"},"content":{"rendered":"\n<p><mark style=\"background-color:rgba(0, 0, 0, 0)\" class=\"has-inline-color has-black-color\">O <strong>CISI \u2013<\/strong> <strong>Centro de Integra\u00e7\u00e3o de Servi\u00e7os de Inform\u00e1tica<\/strong> \u00e9 um setor da COPPE \/ UFRJ (Instituto Alberto Lu\u00eds Coimbra de P\u00f3s-Gradua\u00e7\u00e3o e Pesquisa de Engenharia), criado com o objetivo de prestar servi\u00e7os na \u00e1rea de Tecnologia da Informa\u00e7\u00e3o para a Administra\u00e7\u00e3o Central da COPPE. Neste \u00e2mbito o CISI desenvolve e presta manuten\u00e7\u00e3o em todos os sistemas corporativos da Administra\u00e7\u00e3o Central da COPPE, orienta na aquisi\u00e7\u00e3o e uso de hardware e software, busca e avalia novas tecnologias e desenvolve projetos de implanta\u00e7\u00e3o e melhoria de redes locais e acesso \u00e0 Internet.<\/mark><\/p>\n\n\n\n<blockquote class=\"wp-block-quote is-layout-flow wp-block-quote-is-layout-flow\">\n<p><mark style=\"background-color:rgba(0, 0, 0, 0)\" class=\"has-inline-color has-black-color\">O Setor conta na presente data com uma equipe mista de 7 colaboradores, formada por analistas e programadores experientes nas mais diversas \u00e1reas, programadores visuais com diversos projetos voltados para a Internet, multim\u00eddia e editora\u00e7\u00e3o, especialistas em redes locais e no suporte a diversos servi\u00e7os de rede e sistemas operacionais.<\/mark><\/p>\n<\/blockquote>\n\n\n\n<p>&nbsp;<\/p>\n","protected":false},"excerpt":{"rendered":"<p>O CISI \u2013 Centro de Integra\u00e7\u00e3o de Servi\u00e7os de Inform\u00e1tica \u00e9 um setor da COPPE \/ UFRJ (Instituto Alberto Lu\u00eds Coimbra de P\u00f3s-Gradua\u00e7\u00e3o e Pesquisa de Engenharia), criado com o objetivo de prestar servi\u00e7os na \u00e1rea de Tecnologia da Informa\u00e7\u00e3o para a Administra\u00e7\u00e3o Central da COPPE. Neste \u00e2mbito o CISI desenvolve e presta manuten\u00e7\u00e3o em<\/p>\n<p class=\"more-link\"><a href=\"https:\/\/www.cisi.coppe.ufrj.br\/\" class=\"themebutton\">Read More<\/a><\/p>\n","protected":false},"author":1,"featured_media":0,"parent":0,"menu_order":0,"comment_status":"closed","ping_status":"open","template":"","meta":{"footnotes":""},"class_list":["post-2","page","type-page","status-publish","hentry"],"_links":{"self":[{"href":"https:\/\/www.cisi.coppe.ufrj.br\/index.php\/wp-json\/wp\/v2\/pages\/2","targetHints":{"allow":["GET"]}}],"collection":[{"href":"https:\/\/www.cisi.coppe.ufrj.br\/index.php\/wp-json\/wp\/v2\/pages"}],"about":[{"href":"https:\/\/www.cisi.coppe.ufrj.br\/index.php\/wp-json\/wp\/v2\/types\/page"}],"author":[{"embeddable":true,"href":"https:\/\/www.cisi.coppe.ufrj.br\/index.php\/wp-json\/wp\/v2\/users\/1"}],"replies":[{"embeddable":true,"href":"https:\/\/www.cisi.coppe.ufrj.br\/index.php\/wp-json\/wp\/v2\/comments?post=2"}],"version-history":[{"count":4,"href":"https:\/\/www.cisi.coppe.ufrj.br\/index.php\/wp-json\/wp\/v2\/pages\/2\/revisions"}],"predecessor-version":[{"id":328,"href":"https:\/\/www.cisi.coppe.ufrj.br\/index.php\/wp-json\/wp\/v2\/pages\/2\/revisions\/328"}],"wp:attachment":[{"href":"https:\/\/www.cisi.coppe.ufrj.br\/index.php\/wp-json\/wp\/v2\/media?parent=2"}],"curies":[{"name":"wp","href":"https:\/\/api.w.org\/{rel}","templated":true}]}}