{"id":133,"date":"2022-03-29T10:37:02","date_gmt":"2022-03-29T13:37:02","guid":{"rendered":"https:\/\/www2.cisi.coppe.ufrj.br\/?page_id=133"},"modified":"2025-01-17T11:10:44","modified_gmt":"2025-01-17T14:10:44","slug":"usuarios-da-coppe","status":"publish","type":"page","link":"https:\/\/www.cisi.coppe.ufrj.br\/index.php\/usuarios-da-coppe\/","title":{"rendered":"Usu\u00e1rios da COPPE"},"content":{"rendered":"<div class=\"col-md-12\">\n<h3 id=\"sumario\" style=\"text-align: left;\" align=\"center\"><span style=\"color: #000000;\">Sum\u00e1rio<\/span><\/h3>\n<ul>\n<li><span style=\"color: #000000;\"><a style=\"color: #000000;\" href=\"#introducao\">Introdu\u00e7\u00e3o<\/a><\/span><\/li>\n<li class=\"page-content\"><span style=\"color: #000000;\"><a style=\"color: #000000;\" href=\"#enviar-msg\">Enviando mensagens para a lista<\/a><\/span><\/li>\n<li><span style=\"color: #000000;\"><a style=\"color: #000000;\" href=\"#assinar-lista\">Assinando a lista<\/a><\/span><\/li>\n<li><span style=\"color: #000000;\"><a style=\"color: #000000;\" href=\"#cancelar-lista\">Cancelando sua assinatura da lista<\/a><\/span><\/li>\n<\/ul>\n<div class=\"page-content\">\n<h3 style=\"text-align: justify;\" align=\"center\"><span style=\"color: #000000;\">Lista de\u00a0<span class=\"SpellE\">E-Mail<\/span>\u00a0dos Usu\u00e1rios da COPPE<\/span><\/h3>\n<h3 id=\"introducao\" style=\"text-align: justify;\"><span style=\"color: #000000;\">1. Introdu\u00e7\u00e3o<\/span><\/h3>\n<p style=\"text-align: justify;\"><span style=\"color: #000000;\">O prop\u00f3sito desta lista \u00e9 servir como canal de comunica\u00e7\u00e3o entre os membros permanentes da COPPE, que s\u00e3o os seus professores e a for\u00e7a de trabalho da COPPE.<\/span><\/p>\n<p style=\"text-align: justify;\"><span style=\"color: #000000;\"><b>Ela \u00e9 fundamentalmente um instrumento de trabalho! Portanto, todos os assinantes da lista devem se comportar de maneira adequada quanto aos assuntos e formas de\u00a0<span class=\"GramE\">os expor<\/span>\u00a0nesta lista. O respeito entre os usu\u00e1rios \u00e9 crucial e representa uma condi\u00e7\u00e3o aos membros desta lista para manter sua participa\u00e7\u00e3o.<\/b><\/span><\/p>\n<p style=\"text-align: justify;\"><span style=\"color: #000000;\">Para melhor aproveitamento deste recurso \u00e9 necess\u00e1rio observar os cuidados descritos abaixo. Voc\u00ea \u00e9 respons\u00e1vel!\u00a0<b><i>Condutas e comportamentos inadequados acarretar\u00e3o no cancelamento da participa\u00e7\u00e3o do usu\u00e1rio na Lista de\u00a0<span class=\"SpellE\">E-Mail<\/span>\u00a0Usu\u00e1rios da COPPE.<\/i><\/b><\/span><\/p>\n<p style=\"text-align: justify;\"><span style=\"color: #000000;\"><strong>a.<\/strong>\u00a0\u00a0\u00a0\u00a0\u00a0\u00a0\u00a0<strong>Certifique-se da\u00a0<\/strong><em><b>veracidade<\/b><\/em><strong>\u00a0da mensagem<\/strong><\/span><\/p>\n<p style=\"text-align: justify;\"><span style=\"color: #000000;\">Algumas mensagens aparentemente interessantes n\u00e3o passam de boatos. Alguns destes boatos s\u00e3o totalmente vazios e caem por terra com um pouco de pensamento l\u00f3gico ou quando contrastados com alguns outros fatos reais ou mesmo com a lei vigente.<\/span><\/p>\n<p style=\"text-align: justify;\"><span style=\"color: #000000;\">Boatos servem apenas para criar medo ou confus\u00e3o. A maior parte deles sequer \u00e9 divertida. Por\u00a0<i>e-mail<\/i>, boatos servem tamb\u00e9m para encher as caixas postais dos destinat\u00e1rios, obrigando-os\u00a0<span class=\"GramE\">a<\/span>\u00a0passar mais tempo on-line para receber uma mensagem que em nada lhes ser\u00e1 \u00fatil.<\/span><\/p>\n<p style=\"text-align: justify;\"><span style=\"color: #000000;\"><strong>b.<\/strong>\u00a0\u00a0\u00a0\u00a0\u00a0\u00a0<strong>Certifique-se da\u00a0<\/strong><em><b>legalidade<\/b><\/em><strong>\u00a0da mensagem<\/strong><\/span><\/p>\n<p style=\"text-align: justify;\"><span style=\"color: #000000;\">O conte\u00fado de algumas mensagens pode constituir crime. No caso de boatos, muitos cont\u00eam cal\u00fanias, difama\u00e7\u00f5es ou sugest\u00f5es de alguma pr\u00e1tica atual ou futura que contrarie as leis.<\/span><\/p>\n<p style=\"text-align: justify;\"><span style=\"color: #000000;\">Em outros casos, normalmente de propaganda, s\u00e3o oferecidos produtos como armas, pornografia infantil, entorpecentes, cassinos ou outras coisas ligadas a atividades ilegais. Mesmo em forma de propaganda, estar ligado a tais atividades \u00e9 crime. \u00c9 crime tamb\u00e9m a propaganda enganosa ou que se valha de artif\u00edcios para lesar o consumidor.<\/span><\/p>\n<p style=\"text-align: justify;\"><span style=\"color: #000000;\"><strong>c.<\/strong>\u00a0\u00a0\u00a0\u00a0\u00a0\u00a0\u00a0<strong>Certifique-se da\u00a0<\/strong><em><b>utilidade<\/b><\/em><strong>\u00a0da mensagem<\/strong><\/span><\/p>\n<p style=\"text-align: justify;\"><span style=\"color: #000000;\">Mesmo que alguma coisa seja verdadeira e legal, na opini\u00e3o do destinat\u00e1rio ela pode ser completamente in\u00fatil. Voc\u00ea deve, a princ\u00edpio, conhecer a pessoa para quem est\u00e1 enviando a mensagem e, em fun\u00e7\u00e3o da disponibilidade de tempo que voc\u00ea sabe que ela tem (ou n\u00e3o tem), julgar se vale \u00e0 pena enviar ou n\u00e3o certos tipos de material.<\/span><\/p>\n<p style=\"text-align: justify;\"><span style=\"color: #000000;\"><strong>d.<\/strong>\u00a0\u00a0\u00a0\u00a0\u00a0\u00a0<strong>Avalie a\u00a0<\/strong><em><b>agressividade<\/b><\/em><strong>\u00a0da mensagem<\/strong><\/span><\/p>\n<p style=\"text-align: justify;\"><span style=\"color: #000000;\">Coloque-se no lugar de cada destinat\u00e1rio e avalie se o material da mensagem n\u00e3o cont\u00e9m palavras, express\u00f5es, constru\u00e7\u00f5es, imagens, id\u00e9ias, pensamentos, conceitos e preconceitos que possam ofend\u00ea-lo, irrit\u00e1-lo, mago\u00e1-lo ou entristec\u00ea-lo, seja moralmente, sentimentalmente, espiritualmente, religiosamente ou mesmo fisicamente.<\/span><\/p>\n<p style=\"text-align: justify;\"><span style=\"color: #000000;\">Se voc\u00ea decidir enviar uma mensagem que sabe que pode ter efeitos desagrad\u00e1veis, esteja preparado para se responsabilizar pelas conseq\u00fc\u00eancias decorrentes desta decis\u00e3o.<\/span><\/p>\n<p style=\"text-align: justify;\"><span style=\"color: #000000;\"><strong>e.<\/strong>\u00a0\u00a0\u00a0\u00a0\u00a0\u00a0\u00a0<strong>Proteja sua\u00a0<\/strong><em><b>privacidade<\/b><\/em><strong>\u00a0e a dos outros<\/strong><\/span><\/p>\n<p style=\"text-align: justify;\"><span style=\"color: #000000;\">Muito pouca gente gosta de fazer parte de listas de mala-direta. Menos gente ainda se d\u00e1 conta de que uma das formas de se conseguir endere\u00e7os para montagem de listas assim \u00e9 examinar mensagens com m\u00faltiplos destinat\u00e1rios e, simplesmente, copiar os endere\u00e7os que ali se encontram.<\/span><\/p>\n<p style=\"text-align: justify;\"><span style=\"color: #000000;\">O melhor \u00e9 sempre enviar cada mensagem somente para quem pode tirar proveito dela, ao inv\u00e9s de uma lista muito grande de pessoas, das quais muitas podem nem estar interessadas. Caso seja necess\u00e1rio enviar uma mensagem para muitas pessoas e caso n\u00e3o interesse (ou n\u00e3o seja conveniente) que uma saiba da exist\u00eancia das demais, \u00e9 melhor preservar suas identidades.<\/span><\/p>\n<p style=\"text-align: justify;\"><span style=\"color: #000000;\">Uma forma de se fazer isso \u00e9 especificar cada destinat\u00e1rio usando o campo\u00a0<b>BCC<\/b>\u00a0(<span class=\"SpellE\"><i>blind<\/i><\/span><i><span class=\"SpellE\">carbon<\/span>\u00a0<span class=\"SpellE\">copy<\/span><\/i>) ao inv\u00e9s do campo\u00a0<b>To<\/b>\u00a0(\u201cpara\u201d) ou\u00a0<b>CC<\/b>\u00a0(<span class=\"SpellE\"><i>carbon<\/i><\/span><i><span class=\"SpellE\">copy<\/span><\/i>).<\/span><\/p>\n<p style=\"text-align: justify;\"><span style=\"color: #000000;\">O campo\u00a0<b>BCC<\/b>, no entanto, n\u00e3o deve ser usado para mensagens comuns, que s\u00e3o aquelas entre duas pessoas ou um grupo pequeno onde todos se conhecem.<\/span><\/p>\n<p style=\"text-align: justify;\"><span style=\"color: #000000;\"><strong>f.\u00a0\u00a0\u00a0\u00a0\u00a0\u00a0\u00a0\u00a0<\/strong><strong>N\u00e3o divulgue mensagem de conte\u00fado religioso<\/strong><\/span><\/p>\n<p style=\"text-align: justify;\"><span style=\"color: #000000;\">Por mais bem intencionado que\u00a0<span class=\"GramE\">seja,<\/span>\u00a0pessoas de outros credos podem se sentir ofendidas ou no direito de discordar pelo mesmo instrumento.<\/span><\/p>\n<p style=\"text-align: justify;\"><span class=\"style11\" style=\"color: #000000;\">Saiba que:<\/span><\/p>\n<p style=\"text-align: justify;\"><span style=\"color: #000000;\"><strong>a.<\/strong>\u00a0\u00a0\u00a0\u00a0\u00a0\u00a0\u00a0<strong>Toda mensagem \u00e9\u00a0<span class=\"SpellE\">rastre\u00e1vel<\/span>.<\/strong><\/span><\/p>\n<p style=\"text-align: justify;\"><span style=\"color: #000000;\">As pessoas pensam que est\u00e3o escondidas e seguras atr\u00e1s de seus computadores, valendo-se dessa certeza para proceder de formas desagrad\u00e1veis e at\u00e9 mesmo criminosas. Em alguns casos, isso pode ser verdade, mas n\u00e3o \u00e9 o caso do\u00a0<i>e-mail<\/i>.<\/span><\/p>\n<p style=\"text-align: justify;\"><span style=\"color: #000000;\">Toda mensagem que trafega pela Internet deixa registros por onde trafegou. Tais registros podem ser verificados para descobrir a verdadeira origem ou a rota de material que possa se tornar alvo de uma investiga\u00e7\u00e3o.<\/span><\/p>\n<p style=\"text-align: justify;\"><span style=\"color: #000000;\"><strong>b.\u00a0\u00a0\u00a0\u00a0\u00a0\u00a0<\/strong><strong>Toda corrente ou pir\u00e2mide por\u00a0<i>e-mail<\/i>\u00a0\u00e9, necessariamente, in\u00fatil, portanto indesej\u00e1vel.<\/strong><\/span><\/p>\n<p style=\"text-align: justify;\"><span style=\"color: #000000;\"><strong>c.<\/strong>\u00a0\u00a0\u00a0\u00a0\u00a0\u00a0\u00a0<strong>Mensagens in\u00fateis consomem tamb\u00e9m recursos.<\/strong><\/span><\/p>\n<p style=\"text-align: justify;\"><span style=\"color: #000000;\">Mensagens in\u00fateis n\u00e3o consomem somente o tempo de quem as envia ou recebe, mas tamb\u00e9m recursos dos prestadores dos servi\u00e7os de telecomunica\u00e7\u00f5es e provedores de acesso. Isso se reflete imediatamente nos pre\u00e7os das tarifas.<\/span><\/p>\n<p style=\"text-align: justify;\"><span style=\"color: #000000;\"><strong>d.\u00a0\u00a0\u00a0\u00a0\u00a0\u00a0<\/strong><strong>Viola\u00e7\u00e3o de propriedade intelectual ou\u00a0<i>copyright<\/i>\u00a0\u00e9 crime.<\/strong><\/span><\/p>\n<p style=\"text-align: justify;\"><span style=\"color: #000000;\"><strong>e.<\/strong>\u00a0\u00a0\u00a0\u00a0\u00a0\u00a0\u00a0<strong>\u201cDinheiro n\u00e3o cai do c\u00e9u.\u201d<\/strong><\/span><\/p>\n<p style=\"text-align: justify;\"><span style=\"color: #000000;\">N\u00e3o acredite \u2014 e muito menos passe a diante \u2014 em ofertas milagrosas de ganhar dinheiro f\u00e1cil ou r\u00e1pido. Passe tudo aquilo que voc\u00ea recebe por\u00a0<i>e-mail<\/i>\u00a0por um crivo como o que foi mostrado acima e jogue fora aquilo que \u00e9 nocivo.<\/span><\/p>\n<p style=\"text-align: justify;\"><span style=\"color: #000000;\"><strong>f.<\/strong>\u00a0\u00a0\u00a0\u00a0\u00a0\u00a0\u00a0\u00a0<strong>Mensagens mais curtas s\u00e3o mais eficientes.<\/strong><\/span><\/p>\n<p style=\"text-align: justify;\"><span style=\"color: #000000;\">Mensagens longas demais costumam\u00a0<span class=\"GramE\">ser<\/span>\u00a0mais confusas, mais dif\u00edceis de ler, mais cansativas e consomem mais recursos. Procure ser sucinto.<\/span><\/p>\n<p style=\"text-align: justify;\"><span style=\"color: #000000;\">No caso de mensagens com arquivos em anexo (<span class=\"SpellE\"><i>attachments<\/i><\/span>), os arquivos crescem, em geral, uma m\u00e9dia de 33% em rela\u00e7\u00e3o ao tamanho normal. Muitos arquivos s\u00e3o grandes por natureza e ficam ainda maiores quando anexados a uma mensagem.<\/span><\/p>\n<p style=\"text-align: justify;\"><span style=\"color: #000000;\">Procure evitar\u00a0<span class=\"SpellE\"><i>attachments<\/i><\/span>: sempre que for poss\u00edvel colocar uma informa\u00e7\u00e3o no corpo da mensagem, fa\u00e7a assim. Se n\u00e3o for poss\u00edvel, cultive o h\u00e1bito de usar compactadores de arquivo, especialmente antes de enviar algo por\u00a0<i>e-mail<\/i>. Os compactadores conseguem, com freq\u00fc\u00eancia, reduzir o tamanho de certos arquivos em mais de 90%.<\/span><\/p>\n<p style=\"text-align: justify;\"><span style=\"color: #000000;\"><strong>g.<\/strong>\u00a0\u00a0\u00a0\u00a0\u00a0\u00a0\u00a0<strong>Cuide-se contra v\u00edrus.<\/strong><\/span><\/p>\n<p style=\"text-align: justify;\"><span style=\"color: #000000;\">V\u00edrus de computador s\u00e3o programas como outros quaisquer. Isso significa que s\u00e3o totalmente inofensivos at\u00e9 que voc\u00ea os execute em seu computador. Depois de executados, mesmo que uma \u00fanica vez, n\u00e3o tem jeito: seu computador est\u00e1 infectado.<\/span><\/p>\n<p style=\"text-align: justify;\"><span style=\"color: #000000;\">Os programas podem ser arquivos execut\u00e1veis (no DOS ou Windows, normalmente s\u00e3o aqueles com\u00a0<span class=\"GramE\">extens\u00e3o\u00a0<code>.<\/code><\/span><code>COM<\/code>,\u00a0<code>.EXE<\/code>,\u00a0<code>.BAT<\/code>,\u00a0<code>.CMD<\/code>,\u00a0<code>.DLL<\/code>,\u00a0<code>.VXD<\/code>\u00a0ou\u00a0<code>.BIN<\/code>) ou tamb\u00e9m documentos de programas que incluam ferramentas de programa\u00e7\u00e3o para automatizar certas fun\u00e7\u00f5es (como um\u00a0<code>.DOC<\/code>do Word,\u00a0<code>.XLS<\/code>\u00a0do Excel e alguns outros). Podem tamb\u00e9m ser trechos de programas de algum interpretador Java,\u00a0<span class=\"SpellE\"><span class=\"GramE\">JavaScript<\/span><\/span>, PERL ou\u00a0<span class=\"SpellE\"><i>applets<\/i><\/span>\u00a0<span class=\"SpellE\">ActiveX<\/span>.<\/span><\/p>\n<p style=\"text-align: justify;\"><span style=\"color: #000000;\">Uma mensagem nunca \u00e9 um v\u00edrus, simplesmente porque uma mensagem n\u00e3o \u00e9 um programa. No entanto, uma mensagem pode conter um programa v\u00edrus, geralmente na forma de\u00a0<span class=\"SpellE\"><i>attachment<\/i><\/span>.<\/span><\/p>\n<p style=\"text-align: justify;\"><span style=\"color: #000000;\">Por causa disso, nunca abra ou execute alguma coisa recebida por\u00a0<i>e-mail<\/i>\u00a0antes de submet\u00ea-la \u00e0 an\u00e1lise de um programa antiv\u00edrus. Mais do que isso, verifique sempre se o seu antiv\u00edrus est\u00e1 atualizado, especialmente antes de abrir alguma coisa que acabou de receber de outra pessoa.<\/span><\/p>\n<p style=\"text-align: justify;\"><span style=\"color: #000000;\">Por fim, tenha em mente que mesmo que o seu antiv\u00edrus seja extremamente bom e atual, um v\u00edrus rec\u00e9m-lan\u00e7ado pode ainda n\u00e3o ter sido descoberto e pode infect\u00e1-lo. Por isso, evite especialmente os arquivos recebidos de desconhecidos ou de pessoas cujos computadores sejam freq\u00fcentemente v\u00edtimas de v\u00edrus, pois \u00e9 sinal de que elas n\u00e3o t\u00eam cuidado.<\/span><\/p>\n<p style=\"text-align: justify;\"><span style=\"color: #000000;\"><strong>h.<\/strong>\u00a0\u00a0\u00a0\u00a0\u00a0\u00a0\u00a0<strong>Mensagens podem ser forjadas<\/strong><\/span><\/p>\n<p style=\"text-align: justify;\"><span style=\"color: #000000;\">Assim como o correio tradicional, o correio eletr\u00f4nico n\u00e3o tem meios capazes de verificar se o remetente \u00e9 quem diz ser, ou se ele tem autoridade para dizer o que diz.<\/span><\/p>\n<p style=\"text-align: justify;\"><span style=\"color: #000000;\">Se alguma mensagem lhe parecer absurda ou surpreendente demais em seu conte\u00fado, n\u00e3o hesite em desconfiar de que seja falsa. Falsificar uma mensagem eletr\u00f4nica \u00e9 t\u00e3o f\u00e1cil quanto enviar uma carta an\u00f4nima ou com endere\u00e7o de origem falso.<\/span><\/p>\n<p style=\"text-align: justify;\"><span style=\"color: #000000;\">Verificar a autenticidade de uma mensagem suspeita cabe a quem a recebe. H\u00e1 diversas formas de fazer isso. Uma delas \u00e9 estabelecer um contato verdadeiro com o suposto remetente (de prefer\u00eancia, ao vivo ou por telefone) e confirmar a informa\u00e7\u00e3o recebida e sua autoridade sobre ela.<\/span><\/p>\n<p style=\"text-align: justify;\"><span style=\"color: #000000;\">Algumas vezes, n\u00e3o se consegue confirmar com facilidade se uma informa\u00e7\u00e3o \u00e9 verdadeira, mas pode-se ver mais facilmente se ela \u00e9 falsa, em fun\u00e7\u00e3o de informa\u00e7\u00f5es que o sistema de correio eletr\u00f4nico coloca entre os cabe\u00e7alhos da mensagem e no seu \u201cenvelope\u201d. Caso voc\u00ea n\u00e3o saiba verificar este tipo de coisa, pe\u00e7a ajuda ao suporte da sua rede.<\/span><\/p>\n<p style=\"text-align: justify;\"><span style=\"color: #000000;\">Ciente de todas estas coisas<span class=\"GramE\">, fa\u00e7a<\/span>\u00a0bom uso desta Lista.<\/span><\/p>\n<\/div>\n<div class=\"page-content\">\n<h3 style=\"text-align: justify;\"><span style=\"color: #000000;\">2. Funcionamento<\/span><\/h3>\n<h3 style=\"text-align: justify;\"><span style=\"color: #000000;\">2.1. Caracter\u00edsticas<\/span><\/h3>\n<p style=\"text-align: justify;\"><span style=\"color: #000000;\">\u00b7\u00a0\u00a0\u00a0\u00a0\u00a0\u00a0\u00a0\u00a0\u00a0A inscri\u00e7\u00e3o ou \u201c<span class=\"SpellE\">desinscri\u00e7\u00e3o<\/span>\u201d de membros \u00e9 totalmente volunt\u00e1ria.<\/span><\/p>\n<p style=\"text-align: justify;\"><span style=\"color: #000000;\">\u00b7\u00a0\u00a0\u00a0\u00a0\u00a0\u00a0\u00a0\u00a0\u00a0As mensagens t\u00eam tamanho m\u00e1ximo que deve ser inferior a 400kbytes (aproximadamente 400.000 caracteres).<\/span><\/p>\n<p style=\"text-align: justify;\"><span style=\"color: #000000;\">\u00b7\u00a0\u00a0\u00a0\u00a0\u00a0\u00a0\u00a0\u00a0\u00a0O tamanho dos\u00a0<span class=\"SpellE\"><i>headers<\/i><\/span>\u00a0(cabe\u00e7alhos) das mensagens tamb\u00e9m \u00e9 limitado pelo servidor de listas. Mensagens destinadas a\u00a0<span class=\"SpellE\"><span class=\"GramE\">UsuariosDaCOPPE<\/span><\/span>\u00a0direta ou indiretamente e que contenham campos de cabe\u00e7alhos muito grandes, tais como copia para centenas de outros endere\u00e7os, ser\u00e3o refutadas.<\/span><\/p>\n<p style=\"text-align: justify;\"><span style=\"color: #000000;\">\u00b7\u00a0\u00a0\u00a0\u00a0\u00a0\u00a0\u00a0\u00a0\u00a0Devido a motivos de seguran\u00e7a e prote\u00e7\u00e3o contra SPAM, a lista\u00a0<span class=\"SpellE\"><span class=\"GramE\">UsuariosDaCOPPE<\/span><\/span>\u00a0somente poder\u00e1 ser assinada a partir de endere\u00e7os IP dentro da classe B da rede da UFRJ (146.164.x.x). Para a inscri\u00e7\u00e3o de endere\u00e7os fora dessas caracter\u00edsticas, \u00e9 necess\u00e1ria autoriza\u00e7\u00e3o pr\u00e9via do CISI.<\/span><\/p>\n<h3 id=\"enviar-msg\" style=\"text-align: justify;\"><span style=\"color: #000000;\">2.2. Enviando mensagens para a lista<\/span><\/h3>\n<p style=\"text-align: justify;\"><span style=\"color: #000000;\">Para enviar mensagens para a lista, escreva a mensagem normalmente, colocando como destinat\u00e1rio (campo\u00a0<i>To<\/i>) o endere\u00e7o \u201c<kbd>UsuariosDaCOPPE@coppe.ufrj.br<\/kbd>\u201c. A mensagem ser\u00e1 enviada a todos os membros da lista, incluindo voc\u00ea mesmo.<\/span><\/p>\n<h3 style=\"text-align: justify;\"><span style=\"color: #000000;\">2.3. Identificando que uma mensagem recebida veio da lista<\/span><\/h3>\n<p style=\"text-align: justify;\"><span style=\"color: #000000;\">Todas as mensagens que passarem pela lista\u00a0<span class=\"GramE\">ter\u00e3o<\/span>\u00a0um identificador que ser\u00e1 automaticamente colocado no campo de assunto (<span class=\"SpellE\"><i>Subject<\/i><\/span>). Esse identificador \u00e9 o texto \u201c<tt>[<span class=\"SpellE\">Usuarios<\/span>]<\/tt>\u201c.<\/span><\/p>\n<h3 id=\"assinar-lista\" style=\"text-align: justify;\"><span style=\"color: #000000;\">2.4. Assinando a lista<\/span><\/h3>\n<p style=\"text-align: justify;\"><span style=\"color: #000000;\">Para realizar a assinatura, voc\u00ea dever\u00e1 enviar um e-mail para suporte@cisi.coppe.ufrj.br<\/span><\/p>\n<h3 id=\"cancelar-lista\" style=\"text-align: justify;\"><span style=\"color: #000000;\">2.5. Cancelando sua assinatura da lista<\/span><\/h3>\n<p style=\"text-align: justify;\"><span style=\"color: #000000;\">Para cancelar sua assinatura, voc\u00ea dever\u00e1 enviar um e-mail para suporte@cisi.coppe.ufrj.br<\/span><\/p>\n<\/div>\n<h3><span style=\"color: #000000;\"><a style=\"color: #000000;\" href=\"#sumario\">Voltar ao Sum\u00e1rio<\/a><\/span><\/h3>\n<\/div>\n","protected":false},"excerpt":{"rendered":"<p>Sum\u00e1rio Introdu\u00e7\u00e3o Enviando mensagens para a lista Assinando a lista Cancelando sua assinatura da lista Lista de\u00a0E-Mail\u00a0dos Usu\u00e1rios da COPPE 1. Introdu\u00e7\u00e3o O prop\u00f3sito desta lista \u00e9 servir como canal de comunica\u00e7\u00e3o entre os membros permanentes da COPPE, que s\u00e3o os seus professores e a for\u00e7a de trabalho da COPPE. Ela \u00e9 fundamentalmente um instrumento<\/p>\n<p class=\"more-link\"><a href=\"https:\/\/www.cisi.coppe.ufrj.br\/index.php\/usuarios-da-coppe\/\" class=\"themebutton\">Read More<\/a><\/p>\n","protected":false},"author":2,"featured_media":0,"parent":0,"menu_order":0,"comment_status":"closed","ping_status":"closed","template":"","meta":{"footnotes":""},"class_list":["post-133","page","type-page","status-publish","hentry"],"_links":{"self":[{"href":"https:\/\/www.cisi.coppe.ufrj.br\/index.php\/wp-json\/wp\/v2\/pages\/133","targetHints":{"allow":["GET"]}}],"collection":[{"href":"https:\/\/www.cisi.coppe.ufrj.br\/index.php\/wp-json\/wp\/v2\/pages"}],"about":[{"href":"https:\/\/www.cisi.coppe.ufrj.br\/index.php\/wp-json\/wp\/v2\/types\/page"}],"author":[{"embeddable":true,"href":"https:\/\/www.cisi.coppe.ufrj.br\/index.php\/wp-json\/wp\/v2\/users\/2"}],"replies":[{"embeddable":true,"href":"https:\/\/www.cisi.coppe.ufrj.br\/index.php\/wp-json\/wp\/v2\/comments?post=133"}],"version-history":[{"count":8,"href":"https:\/\/www.cisi.coppe.ufrj.br\/index.php\/wp-json\/wp\/v2\/pages\/133\/revisions"}],"predecessor-version":[{"id":343,"href":"https:\/\/www.cisi.coppe.ufrj.br\/index.php\/wp-json\/wp\/v2\/pages\/133\/revisions\/343"}],"wp:attachment":[{"href":"https:\/\/www.cisi.coppe.ufrj.br\/index.php\/wp-json\/wp\/v2\/media?parent=133"}],"curies":[{"name":"wp","href":"https:\/\/api.w.org\/{rel}","templated":true}]}}