{"id":111,"date":"2022-03-29T10:07:55","date_gmt":"2022-03-29T13:07:55","guid":{"rendered":"https:\/\/www2.cisi.coppe.ufrj.br\/?page_id=111"},"modified":"2025-01-17T10:59:36","modified_gmt":"2025-01-17T13:59:36","slug":"estrutura-organizacional","status":"publish","type":"page","link":"https:\/\/www.cisi.coppe.ufrj.br\/index.php\/quem-somos\/estrutura-organizacional\/","title":{"rendered":"Estrutura Organizacional"},"content":{"rendered":"<p><span style=\"color: #000000;\">O <strong>CISI<\/strong> est\u00e1 subordinado \u00e0 Diretoria de Planejamento, Administra\u00e7\u00e3o e Desenvolvimento Institucional da COPPE. Este organograma tem a fun\u00e7\u00e3o de proporcionar uma maior compreens\u00e3o da estrutura do setor.<\/span><\/p>\n<p><img loading=\"lazy\" decoding=\"async\" class=\"aligncenter wp-image-159 \" src=\"https:\/\/www.cisi.coppe.ufrj.br\/wp-content\/uploads\/2022\/03\/organograma_768x715.png\" alt=\"\" width=\"424\" height=\"395\" srcset=\"https:\/\/www.cisi.coppe.ufrj.br\/wp-content\/uploads\/2022\/03\/organograma_768x715.png 768w, https:\/\/www.cisi.coppe.ufrj.br\/wp-content\/uploads\/2022\/03\/organograma_768x715-300x279.png 300w\" sizes=\"auto, (max-width: 424px) 100vw, 424px\" \/><\/p>\n","protected":false},"excerpt":{"rendered":"<p>O CISI est\u00e1 subordinado \u00e0 Diretoria de Planejamento, Administra\u00e7\u00e3o e Desenvolvimento Institucional da COPPE. Este organograma tem a fun\u00e7\u00e3o de proporcionar uma maior compreens\u00e3o da estrutura do setor.<\/p>\n","protected":false},"author":2,"featured_media":0,"parent":22,"menu_order":0,"comment_status":"closed","ping_status":"closed","template":"","meta":{"footnotes":""},"class_list":["post-111","page","type-page","status-publish","hentry"],"_links":{"self":[{"href":"https:\/\/www.cisi.coppe.ufrj.br\/index.php\/wp-json\/wp\/v2\/pages\/111","targetHints":{"allow":["GET"]}}],"collection":[{"href":"https:\/\/www.cisi.coppe.ufrj.br\/index.php\/wp-json\/wp\/v2\/pages"}],"about":[{"href":"https:\/\/www.cisi.coppe.ufrj.br\/index.php\/wp-json\/wp\/v2\/types\/page"}],"author":[{"embeddable":true,"href":"https:\/\/www.cisi.coppe.ufrj.br\/index.php\/wp-json\/wp\/v2\/users\/2"}],"replies":[{"embeddable":true,"href":"https:\/\/www.cisi.coppe.ufrj.br\/index.php\/wp-json\/wp\/v2\/comments?post=111"}],"version-history":[{"count":4,"href":"https:\/\/www.cisi.coppe.ufrj.br\/index.php\/wp-json\/wp\/v2\/pages\/111\/revisions"}],"predecessor-version":[{"id":331,"href":"https:\/\/www.cisi.coppe.ufrj.br\/index.php\/wp-json\/wp\/v2\/pages\/111\/revisions\/331"}],"up":[{"embeddable":true,"href":"https:\/\/www.cisi.coppe.ufrj.br\/index.php\/wp-json\/wp\/v2\/pages\/22"}],"wp:attachment":[{"href":"https:\/\/www.cisi.coppe.ufrj.br\/index.php\/wp-json\/wp\/v2\/media?parent=111"}],"curies":[{"name":"wp","href":"https:\/\/api.w.org\/{rel}","templated":true}]}}