{"id":102,"date":"2022-03-29T10:03:48","date_gmt":"2022-03-29T13:03:48","guid":{"rendered":"https:\/\/www2.cisi.coppe.ufrj.br\/?page_id=102"},"modified":"2025-01-17T11:08:58","modified_gmt":"2025-01-17T14:08:58","slug":"codigo-de-etica","status":"publish","type":"page","link":"https:\/\/www.cisi.coppe.ufrj.br\/index.php\/qualidade\/codigo-de-etica\/","title":{"rendered":"C\u00f3digo de \u00c9tica"},"content":{"rendered":"<div class=\"col-md-12\">\n<div class=\"page-content\">\n<p style=\"text-align: justify;\"><span style=\"color: #000000;\">O c\u00f3digo de \u00e9tica re\u00fane diretrizes a serem observadas pelos colaboradores do CISI para ado\u00e7\u00e3o de padr\u00f5es \u00e9ticos adequados \u00e0 realiza\u00e7\u00e3o das atividades, ao sucesso da miss\u00e3o do CISI e \u00e0 fundamenta\u00e7\u00e3o de uma imagem s\u00f3lida e confi\u00e1vel.<\/span><\/p>\n<p style=\"text-align: justify;\"><span style=\"color: #000000;\">Os princ\u00edpios \u00e9ticos que constituem o c\u00f3digo de \u00e9tica do CISI s\u00e3o:<\/span><\/p>\n<p style=\"text-align: justify;\"><span style=\"color: #000000;\"><strong>Legalidade \u2013 Impessoalidade \u2013 Moralidade \u2013 Publicidade \u2013 Efici\u00eancia<\/strong><\/span><\/p>\n<p style=\"text-align: justify;\"><span style=\"color: #000000;\">S\u00e3o reconhecidas como responsabilidades de todos os colaboradores, as seguintes a\u00e7\u00f5es:<\/span><\/p>\n<p style=\"text-align: justify;\"><span style=\"color: #000000;\">&gt; Contribuir para que o CISI alcance sua miss\u00e3o e mantenha o compromisso com os seus clientes\/usu\u00e1rios em rela\u00e7\u00e3o \u00e0: qualidade de seus servi\u00e7os e sistemas, seguran\u00e7a dos dados corporativos e confiabilidade das informa\u00e7\u00f5es e servi\u00e7os prestados;<\/span><\/p>\n<p style=\"text-align: justify;\"><span style=\"color: #000000;\">&gt; Preservar a imagem do CISI;<\/span><\/p>\n<p style=\"text-align: justify;\"><span style=\"color: #000000;\">&gt; Executar as atividades de forma organizada, transparente, respeitando dos valores do CISI e em conformidade com os padr\u00f5es de execu\u00e7\u00e3o;<\/span><\/p>\n<p style=\"text-align: justify;\"><span style=\"color: #000000;\">&gt; Respeitar e cumprir as normas internas e as normas de seguran\u00e7a do trabalho;<\/span><\/p>\n<p style=\"text-align: justify;\"><span style=\"color: #000000;\">&gt; Zelar e conservar os materiais e equipamentos que lhes forem confiados;<\/span><\/p>\n<p style=\"text-align: justify;\"><span style=\"color: #000000;\">&gt; Contribuir para a conserva\u00e7\u00e3o e melhoria do meio ambiente;<\/span><\/p>\n<p style=\"text-align: justify;\"><span style=\"color: #000000;\">&gt; Orientar e auxiliar seus companheiros de trabalho para melhor execu\u00e7\u00e3o dos servi\u00e7os sob sua responsabilidade;<\/span><\/p>\n<p style=\"text-align: justify;\"><span style=\"color: #000000;\">&gt; Promover a exist\u00eancia e manuten\u00e7\u00e3o de rela\u00e7\u00f5es funcionais harmoniosas, pela pr\u00e1tica de a\u00e7\u00f5es que caracterizem \u00e9tica, profissionalismo, transpar\u00eancia, ades\u00e3o, confian\u00e7a e afetividade, estimulando a auto-estima e o respeito pelo CISI, o desenvolvimento da iniciativa e a criatividade, de modo a evitar a estagna\u00e7\u00e3o e o desinteresse.<\/span><\/p>\n<p style=\"text-align: justify;\">\n<\/div>\n<\/div>\n","protected":false},"excerpt":{"rendered":"<p>O c\u00f3digo de \u00e9tica re\u00fane diretrizes a serem observadas pelos colaboradores do CISI para ado\u00e7\u00e3o de padr\u00f5es \u00e9ticos adequados \u00e0 realiza\u00e7\u00e3o das atividades, ao sucesso da miss\u00e3o do CISI e \u00e0 fundamenta\u00e7\u00e3o de uma imagem s\u00f3lida e confi\u00e1vel. Os princ\u00edpios \u00e9ticos que constituem o c\u00f3digo de \u00e9tica do CISI s\u00e3o: Legalidade \u2013 Impessoalidade \u2013 Moralidade<\/p>\n<p class=\"more-link\"><a href=\"https:\/\/www.cisi.coppe.ufrj.br\/index.php\/qualidade\/codigo-de-etica\/\" class=\"themebutton\">Read More<\/a><\/p>\n","protected":false},"author":2,"featured_media":0,"parent":23,"menu_order":0,"comment_status":"closed","ping_status":"closed","template":"","meta":{"footnotes":""},"class_list":["post-102","page","type-page","status-publish","hentry"],"_links":{"self":[{"href":"https:\/\/www.cisi.coppe.ufrj.br\/index.php\/wp-json\/wp\/v2\/pages\/102","targetHints":{"allow":["GET"]}}],"collection":[{"href":"https:\/\/www.cisi.coppe.ufrj.br\/index.php\/wp-json\/wp\/v2\/pages"}],"about":[{"href":"https:\/\/www.cisi.coppe.ufrj.br\/index.php\/wp-json\/wp\/v2\/types\/page"}],"author":[{"embeddable":true,"href":"https:\/\/www.cisi.coppe.ufrj.br\/index.php\/wp-json\/wp\/v2\/users\/2"}],"replies":[{"embeddable":true,"href":"https:\/\/www.cisi.coppe.ufrj.br\/index.php\/wp-json\/wp\/v2\/comments?post=102"}],"version-history":[{"count":3,"href":"https:\/\/www.cisi.coppe.ufrj.br\/index.php\/wp-json\/wp\/v2\/pages\/102\/revisions"}],"predecessor-version":[{"id":340,"href":"https:\/\/www.cisi.coppe.ufrj.br\/index.php\/wp-json\/wp\/v2\/pages\/102\/revisions\/340"}],"up":[{"embeddable":true,"href":"https:\/\/www.cisi.coppe.ufrj.br\/index.php\/wp-json\/wp\/v2\/pages\/23"}],"wp:attachment":[{"href":"https:\/\/www.cisi.coppe.ufrj.br\/index.php\/wp-json\/wp\/v2\/media?parent=102"}],"curies":[{"name":"wp","href":"https:\/\/api.w.org\/{rel}","templated":true}]}}